{"id":4867,"date":"2020-05-17T08:42:27","date_gmt":"2020-05-17T08:42:27","guid":{"rendered":"https:\/\/algaex.pe\/blog\/"},"modified":"2021-08-13T01:50:12","modified_gmt":"2021-08-13T06:50:12","slug":"blog","status":"publish","type":"page","link":"https:\/\/algaex.pe\/en\/blog\/","title":{"rendered":"Blog"},"content":{"rendered":"\t\t<div data-elementor-type=\"wp-page\" data-elementor-id=\"4867\" class=\"elementor elementor-4867 elementor-157\" data-elementor-post-type=\"page\">\n\t\t\t\t\t\t\t\t\t<section class=\"elementor-section elementor-top-section elementor-element elementor-element-4b5c5d2 elementor-section-boxed elementor-section-height-default elementor-section-height-default\" data-id=\"4b5c5d2\" data-element_type=\"section\" data-settings=\"{&quot;jet_parallax_layout_list&quot;:[{&quot;jet_parallax_layout_image&quot;:{&quot;url&quot;:&quot;&quot;,&quot;id&quot;:&quot;&quot;,&quot;size&quot;:&quot;&quot;},&quot;_id&quot;:&quot;27d8f91&quot;,&quot;jet_parallax_layout_speed&quot;:{&quot;unit&quot;:&quot;%&quot;,&quot;size&quot;:&quot;50&quot;,&quot;sizes&quot;:[]},&quot;jet_parallax_layout_bg_x&quot;:&quot;50&quot;,&quot;jet_parallax_layout_bg_y&quot;:&quot;50&quot;,&quot;jet_parallax_layout_image_tablet&quot;:{&quot;url&quot;:&quot;&quot;,&quot;id&quot;:&quot;&quot;,&quot;size&quot;:&quot;&quot;},&quot;jet_parallax_layout_image_mobile&quot;:{&quot;url&quot;:&quot;&quot;,&quot;id&quot;:&quot;&quot;,&quot;size&quot;:&quot;&quot;},&quot;jet_parallax_layout_type&quot;:&quot;scroll&quot;,&quot;jet_parallax_layout_direction&quot;:null,&quot;jet_parallax_layout_fx_direction&quot;:null,&quot;jet_parallax_layout_z_index&quot;:&quot;&quot;,&quot;jet_parallax_layout_bg_x_tablet&quot;:&quot;&quot;,&quot;jet_parallax_layout_bg_x_mobile&quot;:&quot;&quot;,&quot;jet_parallax_layout_bg_y_tablet&quot;:&quot;&quot;,&quot;jet_parallax_layout_bg_y_mobile&quot;:&quot;&quot;,&quot;jet_parallax_layout_bg_size&quot;:&quot;auto&quot;,&quot;jet_parallax_layout_bg_size_tablet&quot;:&quot;&quot;,&quot;jet_parallax_layout_bg_size_mobile&quot;:&quot;&quot;,&quot;jet_parallax_layout_animation_prop&quot;:&quot;transform&quot;,&quot;jet_parallax_layout_on&quot;:[&quot;desktop&quot;,&quot;tablet&quot;]}],&quot;background_background&quot;:&quot;classic&quot;}\">\n\t\t\t\t\t\t\t<div class=\"elementor-background-overlay\"><\/div>\n\t\t\t\t\t\t\t<div class=\"elementor-container elementor-column-gap-no\">\n\t\t\t\t\t<div class=\"elementor-column elementor-col-100 elementor-top-column elementor-element elementor-element-384096f\" data-id=\"384096f\" data-element_type=\"column\">\n\t\t\t<div class=\"elementor-widget-wrap elementor-element-populated\">\n\t\t\t\t\t\t\t\t<div class=\"elementor-element elementor-element-c1f010e elementor-widget elementor-widget-heading\" data-id=\"c1f010e\" data-element_type=\"widget\" data-widget_type=\"heading.default\">\n\t\t\t\t<div class=\"elementor-widget-container\">\n\t\t\t<h1 class=\"elementor-heading-title elementor-size-default\">Articles<\/h1>\t\t<\/div>\n\t\t\t\t<\/div>\n\t\t\t\t<div class=\"elementor-element elementor-element-34fb63c elementor-align-center elementor-widget elementor-widget-raven-breadcrumbs\" data-id=\"34fb63c\" data-element_type=\"widget\" data-widget_type=\"raven-breadcrumbs.default\">\n\t\t\t\t<div class=\"elementor-widget-container\">\n\t\t\t<div class=\"raven-breadcrumbs raven-breadcrumbs-default\"><div class=\"breadcrumb\">\t\t\t\t<div class=\"breadcrumb-item active\" aria-current=\"page\"><span>Home<\/span><\/div>\n\n\t\t\t\t<\/div><\/div>\t\t<\/div>\n\t\t\t\t<\/div>\n\t\t\t\t\t<\/div>\n\t\t<\/div>\n\t\t\t\t\t\t\t<\/div>\n\t\t<\/section>\n\t\t\t\t<section class=\"elementor-section elementor-top-section elementor-element elementor-element-a640785 elementor-section-boxed elementor-section-height-default elementor-section-height-default\" data-id=\"a640785\" data-element_type=\"section\" data-settings=\"{&quot;jet_parallax_layout_list&quot;:[{&quot;jet_parallax_layout_image&quot;:{&quot;url&quot;:&quot;&quot;,&quot;id&quot;:&quot;&quot;,&quot;size&quot;:&quot;&quot;},&quot;_id&quot;:&quot;4e1ca47&quot;,&quot;jet_parallax_layout_speed&quot;:{&quot;unit&quot;:&quot;%&quot;,&quot;size&quot;:&quot;50&quot;,&quot;sizes&quot;:[]},&quot;jet_parallax_layout_bg_x&quot;:&quot;50&quot;,&quot;jet_parallax_layout_bg_y&quot;:&quot;50&quot;,&quot;jet_parallax_layout_image_tablet&quot;:{&quot;url&quot;:&quot;&quot;,&quot;id&quot;:&quot;&quot;,&quot;size&quot;:&quot;&quot;},&quot;jet_parallax_layout_image_mobile&quot;:{&quot;url&quot;:&quot;&quot;,&quot;id&quot;:&quot;&quot;,&quot;size&quot;:&quot;&quot;},&quot;jet_parallax_layout_type&quot;:&quot;scroll&quot;,&quot;jet_parallax_layout_direction&quot;:null,&quot;jet_parallax_layout_fx_direction&quot;:null,&quot;jet_parallax_layout_z_index&quot;:&quot;&quot;,&quot;jet_parallax_layout_bg_x_tablet&quot;:&quot;&quot;,&quot;jet_parallax_layout_bg_x_mobile&quot;:&quot;&quot;,&quot;jet_parallax_layout_bg_y_tablet&quot;:&quot;&quot;,&quot;jet_parallax_layout_bg_y_mobile&quot;:&quot;&quot;,&quot;jet_parallax_layout_bg_size&quot;:&quot;auto&quot;,&quot;jet_parallax_layout_bg_size_tablet&quot;:&quot;&quot;,&quot;jet_parallax_layout_bg_size_mobile&quot;:&quot;&quot;,&quot;jet_parallax_layout_animation_prop&quot;:&quot;transform&quot;,&quot;jet_parallax_layout_on&quot;:[&quot;desktop&quot;,&quot;tablet&quot;]}]}\">\n\t\t\t\t\t\t<div class=\"elementor-container elementor-column-gap-no\">\n\t\t\t\t\t<div class=\"elementor-column elementor-col-100 elementor-top-column elementor-element elementor-element-10241e9\" data-id=\"10241e9\" data-element_type=\"column\">\n\t\t\t<div class=\"elementor-widget-wrap elementor-element-populated\">\n\t\t\t\t\t\t\t\t<div class=\"elementor-element elementor-element-9e7326d raven-hover-scale-down elementor-widget elementor-widget-raven-posts\" data-id=\"9e7326d\" data-element_type=\"widget\" data-settings=\"{&quot;_skin&quot;:&quot;classic&quot;,&quot;classic_layout&quot;:&quot;grid&quot;,&quot;classic_columns&quot;:&quot;3&quot;,&quot;classic_columns_tablet&quot;:&quot;2&quot;,&quot;classic_columns_mobile&quot;:&quot;1&quot;,&quot;query_posts_per_page&quot;:6,&quot;query_offset&quot;:0}\" data-widget_type=\"raven-posts.classic\">\n\t\t\t\t<div class=\"elementor-widget-container\">\n\t\t\t\t\t<div class=\"raven-posts raven-grid raven-grid-3 raven-grid-mobile-1 raven-grid-tablet-2\" data-post-id=\"4867\" data-archive-query=\"\" data-lang=\"\">\n\t\t\t\t<div class=\"raven-grid-item raven-post-item post-4319 post type-post status-publish format-standard has-post-thumbnail hentry category-aquaculture category-nutrition-and-animal-health tag-acuicultura-en tag-algas-en tag-alginatos-en tag-inmunoestimulante-en tag-prebiotico-en\">\n\t\t\t<div class=\"raven-post\">\n\t\t\t\t\t\t<div class=\"raven-post-image-wrap\">\n\t\t\t<a class=\"raven-post-image raven-image-fit\" href=\"https:\/\/algaex.pe\/en\/nutrition-and-animal-health\/algae-polysaccharides-as-functional-ingredients-in-marine-aquaculture-alginate-carrageenan-and-ulvan\/\"><img loading=\"lazy\" decoding=\"async\" width=\"1024\" height=\"509\" src=\"https:\/\/algaex.pe\/wp-content\/uploads\/2020\/08\/Polisacaridos-de-algas-como-ingredientes-funcionales-en-acuicultura-marina-1024x509.jpg\" class=\"attachment-large size-large wp-image-4320\" alt=\"\" srcset=\"https:\/\/algaex.pe\/wp-content\/uploads\/2020\/08\/Polisacaridos-de-algas-como-ingredientes-funcionales-en-acuicultura-marina-1024x509.jpg 1024w, https:\/\/algaex.pe\/wp-content\/uploads\/2020\/08\/Polisacaridos-de-algas-como-ingredientes-funcionales-en-acuicultura-marina-300x149.jpg 300w, https:\/\/algaex.pe\/wp-content\/uploads\/2020\/08\/Polisacaridos-de-algas-como-ingredientes-funcionales-en-acuicultura-marina-768x381.jpg 768w, https:\/\/algaex.pe\/wp-content\/uploads\/2020\/08\/Polisacaridos-de-algas-como-ingredientes-funcionales-en-acuicultura-marina.jpg 1500w\" sizes=\"auto, (max-width: 1024px) 100vw, 1024px\" \/> <span class=\"raven-post-image-overlay\"><\/span><\/a>\t\t<\/div>\n\t\t\t\t\t\t<div class=\"raven-post-content\">\n\t\t\t\t\t\t\t<div class=\"raven-post-meta\"><a class=\"raven-post-meta-item raven-post-date\" href=\"https:\/\/algaex.pe\/en\/2021\/06\/\" rel=\"bookmark\">June 9, 2021<\/a>\n<span class=\"raven-post-meta-divider\">|<\/span>\n<span class=\"raven-post-meta-item raven-post-categories\"><a href=\"https:\/\/algaex.pe\/en\/category\/nutrition-and-animal-health\/aquaculture\/\" rel=\"tag\">Aquaculture<\/a>, <a href=\"https:\/\/algaex.pe\/en\/category\/nutrition-and-animal-health\/\" rel=\"tag\">Nutrition and Animal Health<\/a><\/span><\/div>\n\t\t<h2 class=\"raven-post-title\"><a class=\"raven-post-title-link\" href=\"https:\/\/algaex.pe\/en\/nutrition-and-animal-health\/algae-polysaccharides-as-functional-ingredients-in-marine-aquaculture-alginate-carrageenan-and-ulvan\/\">Algae polysaccharides as functional ingredients in marine aquaculture: alginate, carrageenan and ulvan.<\/a><\/h2>\t\t\t\t<\/div>\n\t\t\t<\/div>\n\t\t<\/div>\n\t\t\t\t<div class=\"raven-grid-item raven-post-item post-4317 post type-post status-publish format-standard has-post-thumbnail hentry category-nutrition-and-animal-health category-poultry-farming category-technical-article tag-algas-en-avicultura-en tag-algas-marinas-pardas-en tag-fucoidanos-en tag-salud-intestinal-en\">\n\t\t\t<div class=\"raven-post\">\n\t\t\t\t\t\t<div class=\"raven-post-image-wrap\">\n\t\t\t<a class=\"raven-post-image raven-image-fit\" href=\"https:\/\/algaex.pe\/en\/nutrition-and-animal-health\/fucoidans-a-new-hope-against-important-pathogens-in-poultry\/\"><img loading=\"lazy\" decoding=\"async\" width=\"1024\" height=\"576\" src=\"https:\/\/algaex.pe\/wp-content\/uploads\/2020\/10\/Fucoidanos-1024x576.jpg\" class=\"attachment-large size-large wp-image-4318\" alt=\"\" srcset=\"https:\/\/algaex.pe\/wp-content\/uploads\/2020\/10\/Fucoidanos-1024x576.jpg 1024w, https:\/\/algaex.pe\/wp-content\/uploads\/2020\/10\/Fucoidanos-300x169.jpg 300w, https:\/\/algaex.pe\/wp-content\/uploads\/2020\/10\/Fucoidanos-768x432.jpg 768w, https:\/\/algaex.pe\/wp-content\/uploads\/2020\/10\/Fucoidanos-1536x864.jpg 1536w, https:\/\/algaex.pe\/wp-content\/uploads\/2020\/10\/Fucoidanos.jpg 1920w\" sizes=\"auto, (max-width: 1024px) 100vw, 1024px\" \/> <span class=\"raven-post-image-overlay\"><\/span><\/a>\t\t<\/div>\n\t\t\t\t\t\t<div class=\"raven-post-content\">\n\t\t\t\t\t\t\t<div class=\"raven-post-meta\"><a class=\"raven-post-meta-item raven-post-date\" href=\"https:\/\/algaex.pe\/en\/2021\/06\/\" rel=\"bookmark\">June 9, 2021<\/a>\n<span class=\"raven-post-meta-divider\">|<\/span>\n<span class=\"raven-post-meta-item raven-post-categories\"><a href=\"https:\/\/algaex.pe\/en\/category\/nutrition-and-animal-health\/\" rel=\"tag\">Nutrition and Animal Health<\/a>, <a href=\"https:\/\/algaex.pe\/en\/category\/nutrition-and-animal-health\/poultry-farming\/\" rel=\"tag\">Poultry Farming<\/a>, <a href=\"https:\/\/algaex.pe\/en\/category\/technical-article\/\" rel=\"tag\">Technical Article<\/a><\/span><\/div>\n\t\t<h2 class=\"raven-post-title\"><a class=\"raven-post-title-link\" href=\"https:\/\/algaex.pe\/en\/nutrition-and-animal-health\/fucoidans-a-new-hope-against-important-pathogens-in-poultry\/\">Fucoidans: a new hope against important pathogens in poultry.<\/a><\/h2>\t\t\t\t<\/div>\n\t\t\t<\/div>\n\t\t<\/div>\n\t\t\t\t<div class=\"raven-grid-item raven-post-item post-4314 post type-post status-publish format-standard has-post-thumbnail hentry category-nutrition-and-animal-health tag-algas-en-avicultura-en tag-broilers-en tag-nutricion-avicola-en tag-salud-intestinal-en\">\n\t\t\t<div class=\"raven-post\">\n\t\t\t\t\t\t<div class=\"raven-post-image-wrap\">\n\t\t\t<a class=\"raven-post-image raven-image-fit\" href=\"https:\/\/algaex.pe\/en\/nutrition-and-animal-health\/gut-health-with-seaweed-seeking-efficiency-and-profitability-in-the-face-of-rising-grain-prices\/\"><img loading=\"lazy\" decoding=\"async\" width=\"1024\" height=\"576\" src=\"https:\/\/algaex.pe\/wp-content\/uploads\/2020\/12\/Salud-intestinal-con-algas-marinas-1024x576.jpg\" class=\"attachment-large size-large wp-image-4316\" alt=\"\" srcset=\"https:\/\/algaex.pe\/wp-content\/uploads\/2020\/12\/Salud-intestinal-con-algas-marinas-1024x576.jpg 1024w, https:\/\/algaex.pe\/wp-content\/uploads\/2020\/12\/Salud-intestinal-con-algas-marinas-300x169.jpg 300w, https:\/\/algaex.pe\/wp-content\/uploads\/2020\/12\/Salud-intestinal-con-algas-marinas-768x432.jpg 768w, https:\/\/algaex.pe\/wp-content\/uploads\/2020\/12\/Salud-intestinal-con-algas-marinas-1536x864.jpg 1536w, https:\/\/algaex.pe\/wp-content\/uploads\/2020\/12\/Salud-intestinal-con-algas-marinas.jpg 1920w\" sizes=\"auto, (max-width: 1024px) 100vw, 1024px\" \/> <span class=\"raven-post-image-overlay\"><\/span><\/a>\t\t<\/div>\n\t\t\t\t\t\t<div class=\"raven-post-content\">\n\t\t\t\t\t\t\t<div class=\"raven-post-meta\"><a class=\"raven-post-meta-item raven-post-date\" href=\"https:\/\/algaex.pe\/en\/2021\/05\/\" rel=\"bookmark\">May 27, 2021<\/a>\n<span class=\"raven-post-meta-divider\">|<\/span>\n<span class=\"raven-post-meta-item raven-post-categories\"><a href=\"https:\/\/algaex.pe\/en\/category\/nutrition-and-animal-health\/\" rel=\"tag\">Nutrition and Animal Health<\/a><\/span><\/div>\n\t\t<h2 class=\"raven-post-title\"><a class=\"raven-post-title-link\" href=\"https:\/\/algaex.pe\/en\/nutrition-and-animal-health\/gut-health-with-seaweed-seeking-efficiency-and-profitability-in-the-face-of-rising-grain-prices\/\">Gut health with seaweed: seeking efficiency and profitability in the face of rising grain prices.<\/a><\/h2>\t\t\t\t<\/div>\n\t\t\t<\/div>\n\t\t<\/div>\n\t\t\t\t<\/div>\n\t\t\t\t<\/div>\n\t\t\t\t<\/div>\n\t\t\t\t\t<\/div>\n\t\t<\/div>\n\t\t\t\t\t\t\t<\/div>\n\t\t<\/section>\n\t\t\t\t\t\t\t<\/div>\n\t\t","protected":false},"excerpt":{"rendered":"<p>Articles Home June 9, 2021 | Aquaculture, Nutrition and Animal Health Algae polysaccharides as functional ingredients in marine aquaculture: alginate, carrageenan and ulvan. June 9, 2021 | Nutrition and Animal Health, Poultry Farming, Technical Article Fucoidans: a new hope against important pathogens in poultry. May 27, 2021 | Nutrition and Animal Health Gut health with [&hellip;]<\/p>\n","protected":false},"author":3,"featured_media":0,"parent":0,"menu_order":0,"comment_status":"closed","ping_status":"closed","template":"full-width.php","meta":{"inline_featured_image":false,"footnotes":""},"class_list":["post-4867","page","type-page","status-publish","hentry"],"acf":[],"yoast_head":"<!-- This site is optimized with the Yoast SEO Premium plugin v20.11 (Yoast SEO v21.5) - https:\/\/yoast.com\/wordpress\/plugins\/seo\/ -->\n<title>Art\u00edculos Algaex - algas responsables para un mundo m\u00e1s sostenible<\/title>\n<meta name=\"description\" content=\"Trabajamos de la mano con comunidades locales del sur del Per\u00fa, creando sinergias positivas para una cadena de abastecimiento m\u00e1s sustentable.\" \/>\n<meta name=\"robots\" content=\"index, follow, max-snippet:-1, max-image-preview:large, max-video-preview:-1\" \/>\n<link rel=\"canonical\" href=\"https:\/\/algaex.pe\/en\/blog\/\" \/>\n<meta property=\"og:locale\" content=\"en_US\" \/>\n<meta property=\"og:type\" content=\"article\" \/>\n<meta property=\"og:title\" content=\"Blog\" \/>\n<meta property=\"og:description\" content=\"Trabajamos de la mano con comunidades locales del sur del Per\u00fa, creando sinergias positivas para una cadena de abastecimiento m\u00e1s sustentable.\" \/>\n<meta property=\"og:url\" content=\"https:\/\/algaex.pe\/en\/blog\/\" \/>\n<meta property=\"og:site_name\" content=\"algaexpe\" \/>\n<meta property=\"article:modified_time\" content=\"2021-08-13T06:50:12+00:00\" \/>\n<meta property=\"og:image\" content=\"https:\/\/algaex.pe\/wp-content\/uploads\/2020\/08\/Polisacaridos-de-algas-como-ingredientes-funcionales-en-acuicultura-marina-1024x509.jpg\" \/>\n<meta name=\"twitter:card\" content=\"summary_large_image\" \/>\n<meta name=\"twitter:label1\" content=\"Est. reading time\" \/>\n\t<meta name=\"twitter:data1\" content=\"1 minute\" \/>\n<script type=\"application\/ld+json\" class=\"yoast-schema-graph\">{\"@context\":\"https:\/\/schema.org\",\"@graph\":[{\"@type\":\"WebPage\",\"@id\":\"https:\/\/algaex.pe\/en\/blog\/\",\"url\":\"https:\/\/algaex.pe\/en\/blog\/\",\"name\":\"Art\u00edculos Algaex - algas responsables para un mundo m\u00e1s sostenible\",\"isPartOf\":{\"@id\":\"https:\/\/algaex.pe\/en\/#website\"},\"datePublished\":\"2020-05-17T08:42:27+00:00\",\"dateModified\":\"2021-08-13T06:50:12+00:00\",\"description\":\"Trabajamos de la mano con comunidades locales del sur del Per\u00fa, creando sinergias positivas para una cadena de abastecimiento m\u00e1s sustentable.\",\"breadcrumb\":{\"@id\":\"https:\/\/algaex.pe\/en\/blog\/#breadcrumb\"},\"inLanguage\":\"en-US\",\"potentialAction\":[{\"@type\":\"ReadAction\",\"target\":[\"https:\/\/algaex.pe\/en\/blog\/\"]}]},{\"@type\":\"BreadcrumbList\",\"@id\":\"https:\/\/algaex.pe\/en\/blog\/#breadcrumb\",\"itemListElement\":[{\"@type\":\"ListItem\",\"position\":1,\"name\":\"Home\",\"item\":\"https:\/\/algaex.pe\/en\/\"},{\"@type\":\"ListItem\",\"position\":2,\"name\":\"Blog\"}]},{\"@type\":\"WebSite\",\"@id\":\"https:\/\/algaex.pe\/en\/#website\",\"url\":\"https:\/\/algaex.pe\/en\/\",\"name\":\"algaexpe\",\"description\":\"Responsible algae for a sustainable world.\",\"publisher\":{\"@id\":\"https:\/\/algaex.pe\/en\/#organization\"},\"potentialAction\":[{\"@type\":\"SearchAction\",\"target\":{\"@type\":\"EntryPoint\",\"urlTemplate\":\"https:\/\/algaex.pe\/en\/?s={search_term_string}\"},\"query-input\":\"required name=search_term_string\"}],\"inLanguage\":\"en-US\"},{\"@type\":\"Organization\",\"@id\":\"https:\/\/algaex.pe\/en\/#organization\",\"name\":\"Algaex Per\u00fa - Compa\u00f1\u00eda l\u00edder en soluciones a base de algas\",\"url\":\"https:\/\/algaex.pe\/en\/\",\"logo\":{\"@type\":\"ImageObject\",\"inLanguage\":\"en-US\",\"@id\":\"https:\/\/algaex.pe\/en\/#\/schema\/logo\/image\/\",\"url\":\"https:\/\/mk0algaexa19whtr2tos.kinstacdn.com\/wp-content\/uploads\/2021\/04\/algaex-logo.svg\",\"contentUrl\":\"https:\/\/mk0algaexa19whtr2tos.kinstacdn.com\/wp-content\/uploads\/2021\/04\/algaex-logo.svg\",\"width\":499.91,\"height\":153.33,\"caption\":\"Algaex Per\u00fa - Compa\u00f1\u00eda l\u00edder en soluciones a base de algas\"},\"image\":{\"@id\":\"https:\/\/algaex.pe\/en\/#\/schema\/logo\/image\/\"}}]}<\/script>\n<!-- \/ Yoast SEO Premium plugin. -->","yoast_head_json":{"title":"Art\u00edculos Algaex - algas responsables para un mundo m\u00e1s sostenible","description":"Trabajamos de la mano con comunidades locales del sur del Per\u00fa, creando sinergias positivas para una cadena de abastecimiento m\u00e1s sustentable.","robots":{"index":"index","follow":"follow","max-snippet":"max-snippet:-1","max-image-preview":"max-image-preview:large","max-video-preview":"max-video-preview:-1"},"canonical":"https:\/\/algaex.pe\/en\/blog\/","og_locale":"en_US","og_type":"article","og_title":"Blog","og_description":"Trabajamos de la mano con comunidades locales del sur del Per\u00fa, creando sinergias positivas para una cadena de abastecimiento m\u00e1s sustentable.","og_url":"https:\/\/algaex.pe\/en\/blog\/","og_site_name":"algaexpe","article_modified_time":"2021-08-13T06:50:12+00:00","og_image":[{"url":"https:\/\/algaex.pe\/wp-content\/uploads\/2020\/08\/Polisacaridos-de-algas-como-ingredientes-funcionales-en-acuicultura-marina-1024x509.jpg"}],"twitter_card":"summary_large_image","twitter_misc":{"Est. reading time":"1 minute"},"schema":{"@context":"https:\/\/schema.org","@graph":[{"@type":"WebPage","@id":"https:\/\/algaex.pe\/en\/blog\/","url":"https:\/\/algaex.pe\/en\/blog\/","name":"Art\u00edculos Algaex - algas responsables para un mundo m\u00e1s sostenible","isPartOf":{"@id":"https:\/\/algaex.pe\/en\/#website"},"datePublished":"2020-05-17T08:42:27+00:00","dateModified":"2021-08-13T06:50:12+00:00","description":"Trabajamos de la mano con comunidades locales del sur del Per\u00fa, creando sinergias positivas para una cadena de abastecimiento m\u00e1s sustentable.","breadcrumb":{"@id":"https:\/\/algaex.pe\/en\/blog\/#breadcrumb"},"inLanguage":"en-US","potentialAction":[{"@type":"ReadAction","target":["https:\/\/algaex.pe\/en\/blog\/"]}]},{"@type":"BreadcrumbList","@id":"https:\/\/algaex.pe\/en\/blog\/#breadcrumb","itemListElement":[{"@type":"ListItem","position":1,"name":"Home","item":"https:\/\/algaex.pe\/en\/"},{"@type":"ListItem","position":2,"name":"Blog"}]},{"@type":"WebSite","@id":"https:\/\/algaex.pe\/en\/#website","url":"https:\/\/algaex.pe\/en\/","name":"algaexpe","description":"Responsible algae for a sustainable world.","publisher":{"@id":"https:\/\/algaex.pe\/en\/#organization"},"potentialAction":[{"@type":"SearchAction","target":{"@type":"EntryPoint","urlTemplate":"https:\/\/algaex.pe\/en\/?s={search_term_string}"},"query-input":"required name=search_term_string"}],"inLanguage":"en-US"},{"@type":"Organization","@id":"https:\/\/algaex.pe\/en\/#organization","name":"Algaex Per\u00fa - Compa\u00f1\u00eda l\u00edder en soluciones a base de algas","url":"https:\/\/algaex.pe\/en\/","logo":{"@type":"ImageObject","inLanguage":"en-US","@id":"https:\/\/algaex.pe\/en\/#\/schema\/logo\/image\/","url":"https:\/\/mk0algaexa19whtr2tos.kinstacdn.com\/wp-content\/uploads\/2021\/04\/algaex-logo.svg","contentUrl":"https:\/\/mk0algaexa19whtr2tos.kinstacdn.com\/wp-content\/uploads\/2021\/04\/algaex-logo.svg","width":499.91,"height":153.33,"caption":"Algaex Per\u00fa - Compa\u00f1\u00eda l\u00edder en soluciones a base de algas"},"image":{"@id":"https:\/\/algaex.pe\/en\/#\/schema\/logo\/image\/"}}]}},"_links":{"self":[{"href":"https:\/\/algaex.pe\/en\/wp-json\/wp\/v2\/pages\/4867","targetHints":{"allow":["GET"]}}],"collection":[{"href":"https:\/\/algaex.pe\/en\/wp-json\/wp\/v2\/pages"}],"about":[{"href":"https:\/\/algaex.pe\/en\/wp-json\/wp\/v2\/types\/page"}],"author":[{"embeddable":true,"href":"https:\/\/algaex.pe\/en\/wp-json\/wp\/v2\/users\/3"}],"replies":[{"embeddable":true,"href":"https:\/\/algaex.pe\/en\/wp-json\/wp\/v2\/comments?post=4867"}],"version-history":[{"count":6,"href":"https:\/\/algaex.pe\/en\/wp-json\/wp\/v2\/pages\/4867\/revisions"}],"predecessor-version":[{"id":6811,"href":"https:\/\/algaex.pe\/en\/wp-json\/wp\/v2\/pages\/4867\/revisions\/6811"}],"wp:attachment":[{"href":"https:\/\/algaex.pe\/en\/wp-json\/wp\/v2\/media?parent=4867"}],"curies":[{"name":"wp","href":"https:\/\/api.w.org\/{rel}","templated":true}]}}